{"id":233,"date":"2015-01-09T17:52:24","date_gmt":"2015-01-09T17:52:24","guid":{"rendered":"http:\/\/190.105.225.62\/~carcrafts\/?page_id=233"},"modified":"2015-01-19T13:43:22","modified_gmt":"2015-01-19T13:43:22","slug":"service-especializado-alta-gama","status":"publish","type":"page","link":"https:\/\/www.carkrafts.com.ar\/en\/service-especializado-alta-gama\/","title":{"rendered":"Service Especializado Alta Gama"},"content":{"rendered":"<div id='layer_slider_1'  class='avia-layerslider main_color avia-shadow  avia-builder-el-0  el_before_av_layout_row  avia-builder-el-first  container_wrap sidebar_right'  style='height: 151px;'  ><\/div>\n<div id='av-layout-grid-1'  class='av-layout-grid-container entry-content-wrapper main_color av-flex-cells     avia-builder-el-1  el_after_av_layerslider  el_before_av_layout_row  submenu-not-first container_wrap sidebar_right'  >\n<div class=\"flex_cell no_margin av_one_full  avia-builder-el-2  avia-builder-el-no-sibling   \"  style='vertical-align:top; padding:3px 0px 3px 0px ; background-color:#333333; ' ><div class='flex_cell_inner' >\n<style type=\"text\/css\" data-created_by=\"avia_inline_auto\" id=\"style-css-av-av_image-a69e586fbdceae6531b256271424bcc2\">\n.avia-image-container.av-av_image-a69e586fbdceae6531b256271424bcc2 .av-image-caption-overlay-center{\ncolor:#ffffff;\n}\n<\/style>\n<div  class='avia-image-container av-av_image-a69e586fbdceae6531b256271424bcc2 av-styling- avia_animated_image avia_animate_when_almost_visible pop-up avia-align-center  avia-builder-el-3  avia-builder-el-no-sibling  '  itemprop=\"image\" itemscope=\"itemscope\" itemtype=\"https:\/\/schema.org\/ImageObject\" ><div class=\"avia-image-container-inner\"><div class=\"avia-image-overlay-wrap\"><img class='wp-image-408 avia-img-lazy-loading-not-408 avia_image' src=\"https:\/\/www.carkrafts.com.ar\/wp-content\/uploads\/2015\/01\/service-porsche.jpg\" alt='' title='service-porsche'  height=\"650\" width=\"1310\"  itemprop=\"thumbnailUrl\" srcset=\"https:\/\/www.carkrafts.com.ar\/wp-content\/uploads\/2015\/01\/service-porsche.jpg 1310w, https:\/\/www.carkrafts.com.ar\/wp-content\/uploads\/2015\/01\/service-porsche-300x149.jpg 300w, https:\/\/www.carkrafts.com.ar\/wp-content\/uploads\/2015\/01\/service-porsche-1030x511.jpg 1030w, https:\/\/www.carkrafts.com.ar\/wp-content\/uploads\/2015\/01\/service-porsche-705x350.jpg 705w, https:\/\/www.carkrafts.com.ar\/wp-content\/uploads\/2015\/01\/service-porsche-450x223.jpg 450w\" sizes=\"(max-width: 1310px) 100vw, 1310px\" \/><\/div><\/div><\/div>\n<\/div><\/div><\/div><div id='av-layout-grid-2'  class='av-layout-grid-container entry-content-wrapper main_color av-flex-cells     avia-builder-el-4  el_after_av_layout_row  avia-builder-el-last  submenu-not-first container_wrap sidebar_right'  >\n<div class=\"flex_cell no_margin av_one_full  avia-builder-el-5  avia-builder-el-no-sibling   \"  style='background:url(https:\/\/www.carkrafts.com.ar\/wp-content\/uploads\/2015\/01\/back-service-1.jpg) top left repeat scroll; vertical-align:top; padding:30px; ' ><div class='flex_cell_inner' ><p><div class='flex_column av-av_one_third-2a9015ff38129c418a3f2eafba3e9512 av_one_third  avia-builder-el-6  el_before_av_one_third  avia-builder-el-first  first flex_column_div '   ><style type=\"text\/css\" data-created_by=\"avia_inline_auto\" id=\"style-css-av-av_icon_box-bc398a10ec24b3f096661abff395f92a\">\n.iconbox.av-av_icon_box-bc398a10ec24b3f096661abff395f92a .iconbox_icon{\nbackground-color:#ffffff;\nborder:1px solid #ffffff;\ncolor:#333333;\n}\n#top #wrap_all .iconbox.av-av_icon_box-bc398a10ec24b3f096661abff395f92a .iconbox_content_title{\ncolor:#ffffff;\n}\n.iconbox.av-av_icon_box-bc398a10ec24b3f096661abff395f92a .iconbox_content_container{\ncolor:#ffffff;\n}\n<\/style>\n<article  class=\"iconbox iconbox_top av-av_icon_box-bc398a10ec24b3f096661abff395f92a  avia-builder-el-7  avia-builder-el-no-sibling  main_color \"  itemscope=\"itemscope\" itemtype=\"https:\/\/schema.org\/CreativeWork\" ><div class=\"iconbox_content\"><header class=\"entry-content-header\"><div class=\"iconbox_icon heading-color\" aria-hidden='true' data-av_icon='\ue855' data-av_iconfont='entypo-fontello'><\/div><h3 class='iconbox_content_title  '  itemprop=\"headline\" >Mec\u00e1nica General<\/h3><\/header><div class='iconbox_content_container av_inherit_color '  itemprop=\"text\" ><p style=\"text-align: justify;\">Service y mantenimiento de su veh\u00edculo Alta Gama\u00a0&#8211;\u00a0Cambio de aceite y filtro &#8211;\u00a0Tren delantero &#8211;\u00a0Electricidad &#8211;\u00a0Aire Acondicionado &#8211; etc<\/p>\n<\/div><\/div><footer class=\"entry-footer\"><\/footer><\/article><\/div><div class='flex_column av-av_one_third-61f1f3fb8a14755dafdb04b8bcedc67a av_one_third  avia-builder-el-8  el_after_av_one_third  el_before_av_one_third  flex_column_div '   ><style type=\"text\/css\" data-created_by=\"avia_inline_auto\" id=\"style-css-av-av_icon_box-5bb1a5da7b75db689a11fbd15d5e0ed2\">\n.iconbox.av-av_icon_box-5bb1a5da7b75db689a11fbd15d5e0ed2 .iconbox_icon{\nbackground-color:#ffffff;\nborder:1px solid #ffffff;\ncolor:#333333;\n}\n#top #wrap_all .iconbox.av-av_icon_box-5bb1a5da7b75db689a11fbd15d5e0ed2 .iconbox_content_title{\ncolor:#ffffff;\n}\n.iconbox.av-av_icon_box-5bb1a5da7b75db689a11fbd15d5e0ed2 .iconbox_content_container{\ncolor:#ffffff;\n}\n<\/style>\n<article  class=\"iconbox iconbox_top av-av_icon_box-5bb1a5da7b75db689a11fbd15d5e0ed2  avia-builder-el-9  avia-builder-el-no-sibling  main_color \"  itemscope=\"itemscope\" itemtype=\"https:\/\/schema.org\/CreativeWork\" ><div class=\"iconbox_content\"><header class=\"entry-content-header\"><div class=\"iconbox_icon heading-color\" aria-hidden='true' data-av_icon='\ue8cc' data-av_iconfont='entypo-fontello'><\/div><h3 class='iconbox_content_title  '  itemprop=\"headline\" >Inyecci\u00f3n \/ Escaneo<\/h3><\/header><div class='iconbox_content_container av_inherit_color '  itemprop=\"text\" ><p style=\"text-align: justify;\">Contamos con equipos de \u00faltima generaci\u00f3n para escaneo\u00a0electr\u00f3nico y diagn\u00f3stico de su veh\u00edculo\u00a0Alta Gama.<\/p>\n<\/div><\/div><footer class=\"entry-footer\"><\/footer><\/article><\/div><div class='flex_column av-av_one_third-61f1f3fb8a14755dafdb04b8bcedc67a av_one_third  avia-builder-el-10  el_after_av_one_third  avia-builder-el-last  flex_column_div '   ><style type=\"text\/css\" data-created_by=\"avia_inline_auto\" id=\"style-css-av-av_icon_box-7006134334a54b697a630a799e0df9d2\">\n.iconbox.av-av_icon_box-7006134334a54b697a630a799e0df9d2 .iconbox_icon{\nbackground-color:#ffffff;\nborder:1px solid #ffffff;\ncolor:#333333;\n}\n#top #wrap_all .iconbox.av-av_icon_box-7006134334a54b697a630a799e0df9d2 .iconbox_content_title{\ncolor:#ffffff;\n}\n.iconbox.av-av_icon_box-7006134334a54b697a630a799e0df9d2 .iconbox_content_container{\ncolor:#ffffff;\n}\n<\/style>\n<article  class=\"iconbox iconbox_top av-av_icon_box-7006134334a54b697a630a799e0df9d2  avia-builder-el-11  avia-builder-el-no-sibling  main_color \"  itemscope=\"itemscope\" itemtype=\"https:\/\/schema.org\/CreativeWork\" ><div class=\"iconbox_content\"><header class=\"entry-content-header\"><div class=\"iconbox_icon heading-color\" aria-hidden='true' data-av_icon='\ue856' data-av_iconfont='entypo-fontello'><\/div><h3 class='iconbox_content_title  '  itemprop=\"headline\" >Nafteros \/ Diesel<\/h3><\/header><div class='iconbox_content_container av_inherit_color '  itemprop=\"text\" ><p style=\"text-align: justify;\">En Carkrafts contamos con el personal y la\u00a0experiencia tanto en motores de veh\u00edculos Alta Gama nafteros como gasoleros.<\/p>\n<\/div><\/div><footer class=\"entry-footer\"><\/footer><\/article><\/div><\/p>\n<\/div><\/div>\n<\/div><\/p>\n","protected":false},"excerpt":{"rendered":"","protected":false},"author":2,"featured_media":0,"parent":0,"menu_order":0,"comment_status":"closed","ping_status":"closed","template":"","meta":[],"_links":{"self":[{"href":"https:\/\/www.carkrafts.com.ar\/en\/wp-json\/wp\/v2\/pages\/233"}],"collection":[{"href":"https:\/\/www.carkrafts.com.ar\/en\/wp-json\/wp\/v2\/pages"}],"about":[{"href":"https:\/\/www.carkrafts.com.ar\/en\/wp-json\/wp\/v2\/types\/page"}],"author":[{"embeddable":true,"href":"https:\/\/www.carkrafts.com.ar\/en\/wp-json\/wp\/v2\/users\/2"}],"replies":[{"embeddable":true,"href":"https:\/\/www.carkrafts.com.ar\/en\/wp-json\/wp\/v2\/comments?post=233"}],"version-history":[{"count":6,"href":"https:\/\/www.carkrafts.com.ar\/en\/wp-json\/wp\/v2\/pages\/233\/revisions"}],"predecessor-version":[{"id":300,"href":"https:\/\/www.carkrafts.com.ar\/en\/wp-json\/wp\/v2\/pages\/233\/revisions\/300"}],"wp:attachment":[{"href":"https:\/\/www.carkrafts.com.ar\/en\/wp-json\/wp\/v2\/media?parent=233"}],"curies":[{"name":"wp","href":"https:\/\/api.w.org\/{rel}","templated":true}]}}